{"id":607,"date":"2022-02-28T16:19:19","date_gmt":"2022-02-28T14:19:19","guid":{"rendered":"https:\/\/www.markos-foods.gr\/politiki-aporritou\/"},"modified":"2022-04-28T13:46:13","modified_gmt":"2022-04-28T10:46:13","slug":"datenschutz-bestimmungen","status":"publish","type":"page","link":"https:\/\/www.markos-foods.gr\/de\/datenschutz-bestimmungen\/","title":{"rendered":"Datenschutz-Bestimmungen"},"content":{"rendered":"<p><span>Diese Website https:\/\/www.markos-foods.gr (im Folgenden die \u201e\u00a0\u00a0<\/span><strong><span>Website<\/span><\/strong><span>\u00a0\u00a0\u201c) m\u00f6chte ihre Besucher \/ Benutzer \/ Mitglieder (im Folgenden: \u201e\u00a0\u00a0<\/span><strong><span>Benutzer<\/span><\/strong><span>\u00a0\u00a0\u201c) \u00fcber die Art und die Gesamtheit der Informationen informieren, die sie sammelt und verarbeitet als\u00a0\u00a0 Verarbeiter personenbezogener\u00a0<\/span><strong><span>Daten\u00a0<\/span><\/strong><span>\u00a0\u00a0w\u00e4hrend ihres Besuchs und Surfens auf dieser Website und um ihnen zu versichern, dass die Verarbeitung ihrer personenbezogenen Daten immer vom Interesse der Benutzer geleitet wird, in \u00dcbereinstimmung mit den Grunds\u00e4tzen der Rechtm\u00e4\u00dfigkeit, Genauigkeit, Verf\u00fcgbarkeit und Integrit\u00e4t in all ihren Aspekten, und dass es vollst\u00e4ndig im Einklang mit der Europ\u00e4ischen Datenschutzverordnung steht (\u00a0\u00a0<\/span><strong><span>im Folgenden<\/span><\/strong><span>\u00bb) Implementiert die geeigneten technischen und organisatorischen Ma\u00dfnahmen (KTOM), um Ihre personenbezogenen Daten zu sch\u00fctzen und Ihre Privatsph\u00e4re zu gew\u00e4hrleisten, eine Tatsache, die f\u00fcr sie von gr\u00f6\u00dfter Bedeutung und Priorit\u00e4t ist.<\/span><\/p>\n<p><span>Indem Sie unten lesen, werden Sie umfassend dar\u00fcber informiert, wie wir Ihre personenbezogenen Daten verarbeiten (Erhebung, Verwaltung, Verwendung, Speicherung, \u00dcbermittlung an Dritte, Schutz), f\u00fcr den Zeitraum ihrer Einhaltung sowie \u00fcber die Rechte, die Sie aus\u00fcben k\u00f6nnen jederzeit bez\u00fcglich Ihrer personenbezogenen Daten.<\/span><\/p>\n<p><strong><span>ERHEBUNG PERSONENBEZOGENER DATEN<\/span><\/strong><\/p>\n<p><strong><span>Was sind personenbezogene Daten:<\/span><\/strong><\/p>\n<p><span>Alle Informationen, die sich auf eine identifizierbare oder identifizierbare nat\u00fcrliche Person (\u201ebetroffene Person\u201c) beziehen, sind eine identifizierbare nat\u00fcrliche Person, deren Identit\u00e4t direkt oder indirekt, insbesondere mittels Zuordnung zu einer Kennung wie Name, Identifikationsnummer, Standortdaten, in einer Online-ID oder in einem oder mehreren Faktoren, die f\u00fcr die physische, physiologische, genetische, psychische, wirtschaftliche, kulturelle oder soziale Identit\u00e4t dieser nat\u00fcrlichen Person spezifisch sind.<\/span><\/p>\n<p><strong><span>Was ist die Verarbeitung personenbezogener Daten:<\/span><\/strong><\/p>\n<p><span>Jeder mit oder ohne Einsatz automatisierter Verfahren ausgef\u00fchrte Vorgang oder jede solche Vorgangsfolge an personenbezogenen Daten oder an personenbezogenen Datens\u00e4tzen wie das Erheben, das Erfassen, die Organisation, die Struktur, die Speicherung, die Anpassung oder Ver\u00e4nderung, das Auslesen, die Suche nach Informationen, die Verwendung, Offenlegung durch \u00dcbertragung, Verbreitung oder jede andere Form der Verf\u00fcgung, Verkn\u00fcpfung oder Kombination, Einschr\u00e4nkung, L\u00f6schung oder Vernichtung.<\/span><\/p>\n<p><span>Unsere Benutzer, die die Website besuchen, k\u00f6nnen unter bestimmten Bedingungen gebeten werden, uns ihre pers\u00f6nlichen Daten zur Verf\u00fcgung zu stellen (z. B. wenn Sie sich f\u00fcr unseren Newsletter oder in Ihrem Kontaktformular anmelden, fragen wir nach Ihrem Namen, Ihrer E-Mail-Adresse, Ihrer Adresse und Ihrer Telefonnummer, damit wir k\u00f6nnen Sie kontaktieren).<\/span><\/p>\n<p><span>In keinem Fall werden personenbezogene Daten von Minderj\u00e4hrigen ohne ausdr\u00fcckliche Zustimmung der Erziehungsberechtigten erhoben.<\/span><\/p>\n<p><span>Wenn Sie auf der Website surfen, best\u00e4tigen Sie vorbehaltlos und uneingeschr\u00e4nkt, dass Sie die Datenschutzrichtlinie sowie die Verwendung von\u00a0\u00a0\u00a0<\/span><strong><span>Cookies<\/span><\/strong><span>\u00a0gelesen, verstanden und akzeptiert haben \u00a0.<\/span><\/p>\n<p><span>Ein\u00a0\u00a0\u00a0<\/span><strong><span>Cookie<\/span><\/strong><span>\u00a0\u00a0\u00a0ist eine Datei, die auf Ihrem Computer, Mobiltelefon oder Tablet gespeichert wird, wenn Sie eine Website besuchen, und kann beispielsweise verwandte Informationen speichern:<\/span><\/p>\n<p><span>\u2013 Ihr Online-Verhalten, Ihre Vorlieben als Nutzer, um (von uns, unseren Partnern und\/oder unseren Werbetreibenden\/Sponsoren) zielgerichtete Werbung oder Angebote zu erhalten, die Ihren Vorlieben entsprechen und die Ihnen bei Ihrem Besuch weiterhin pr\u00e4sentiert werden Website, die Ihren Interessen entspricht (Verhaltenscookies \u2013 Werbe-\/Drittanbieter-Cookies),<\/span><\/p>\n<p><span>\u2013 mit den Seiten, die Sie auf der Website besuchen, sowie wenn dabei Fehler auftreten (Leistungs-Cookies),<\/span><\/p>\n<p><span>\u2013 durch Analyse der Nutzung der Website (z. B. Google Analytics),<\/span><\/p>\n<p><span>\u2013 nach Browsertyp,<\/span><\/p>\n<p><span>\u2013 der Internet Service Provider (ISP),<\/span><\/p>\n<p><span>\u2013 durch die Nutzung sozialer Medien, durch Ihren geografischen Standort (z. B. Suche nach der Wettervorhersage f\u00fcr eine bestimmte Stadt) oder durch Speichern Ihres Benutzernamens (falls erforderlich), damit Sie ihn bei Ihrer R\u00fcckkehr auf unsere Website nicht von Anfang an eingeben m\u00fcssen ( funktionsbezogene Cookies).<\/span><\/p>\n<p><span>Unsere Website verwendet Cookies in erster Linie, um die Benutzererfahrung zu verbessern und unseren Benutzern die h\u00f6chstm\u00f6gliche Qualit\u00e4t der Dienstleistungen zu bieten.<\/span><\/p>\n<p><span>Sie m\u00fcssen keine Cookies akzeptieren und k\u00f6nnen daher als zus\u00e4tzliche Ma\u00dfnahme den Browser so einstellen, dass er keine Cookies akzeptiert.\u00a0Der Browser, mit dem Sie im Internet surfen, zeigt Ihnen nicht nur Ihre Cookies an, sondern erm\u00f6glicht Ihnen auch, deren Verwendung zu steuern.<\/span><\/p>\n<p><span>Sie k\u00f6nnen sie steuern, indem Sie sie zulassen oder alle oder einige von ihnen l\u00f6schen.\u00a0Sie k\u00f6nnen Ihren Browser auch so konfigurieren, dass Cookies von jeder Website akzeptiert werden.\u00a0Sie k\u00f6nnen den Browser auch so einstellen, dass Sie um Ihre Zustimmung gebeten werden, bevor ein Cookie auf Ihrem Ger\u00e4t akzeptiert wird.\u00a0Dies gibt Ihnen die volle Kontrolle \u00fcber Cookies, hat aber den Nachteil, dass Ihr Surfen im Internet verlangsamt wird.<\/span><\/p>\n<p><span>Es ist zu beachten, dass es verschiedene Ebenen der Cookie-Kontrolle gibt.\u00a0Sie haben die M\u00f6glichkeit, \u00fcber Ihren Browser festzulegen, dass Sie keine Cookies von Drittanbietern oder Cookies f\u00fcr verhaltensbezogene Werbung erhalten m\u00f6chten.\u00a0In einigen Browsern k\u00f6nnen Sie sogar bestimmte Unternehmen blockieren, von denen Sie keine Cookies erhalten m\u00f6chten.<\/span><\/p>\n<p><span>Um Ihre Cookies zu verwalten, w\u00e4hlen Sie bitte Ihren Browser aus der folgenden Liste aus und folgen Sie den Anweisungen:<\/span><\/p>\n<p><a href=\"https:\/\/support.microsoft.com\/en-us\/products\/microsoft-edge\" rel=\"noopener noreferrer\"><span>Microsoft-Rand<\/span><\/a><\/p>\n<p><a href=\"https:\/\/support.google.com\/chrome\/answer\/95647\" rel=\"noopener noreferrer\"><span>Chrom<\/span><\/a><\/p>\n<p><a href=\"https:\/\/support.apple.com\/?path%253DSafari\/5.0\/en\/9277.html\" rel=\"noopener noreferrer\"><span>Safari<\/span><\/a><\/p>\n<p><a href=\"https:\/\/support.mozilla.com\/en-US\/kb\/enable-and-disable-cookies-website-preferences?redirectlocale%253Den-US%2526redirectslug%253DEnabling%252Band%252Bdisabling%252Bcookies\" rel=\"noopener noreferrer\"><span>Feuerfuchs<\/span><\/a><\/p>\n<p><a href=\"https:\/\/www.opera.com\/help\" rel=\"noopener noreferrer\"><span>Oper<\/span><\/a><\/p>\n<p><strong><span>Mobile Ger\u00e4te:<\/span><\/strong><\/p>\n<p><a href=\"https:\/\/support.google.com\/android\/?hl%253Den%2523topic%253D7313011\" rel=\"noopener noreferrer\"><span>Android<\/span><\/a><\/p>\n<p><a href=\"https:\/\/support.apple.com\/en-us\/HT201265\" rel=\"noopener noreferrer\"><span>Safari<\/span><\/a><\/p>\n<p><a href=\"https:\/\/support.microsoft.com\/en-us\/products\/windowsphone\" rel=\"noopener noreferrer\"><span>Windows Phone<\/span><\/a><\/p>\n<p><a href=\"https:\/\/global.blackberry.com\/en\/support\" rel=\"noopener noreferrer\"><span>Brombeere<\/span><\/a><\/p>\n<p><strong><span>VERWENDUNG PERSONENBEZOGENER DATEN \u2013 ZWECKE<\/span><\/strong><\/p>\n<p><span>Die personenbezogenen Daten der Benutzer der Website, die durch sie oder durch verbundene Anwendungen bereitgestellt werden, k\u00f6nnen f\u00fcr die hierin oder in den verbundenen Anwendungen genannten Zwecke verwendet werden, d. h. f\u00fcr:<\/span><\/p>\n<p><span>\u2013 Personalisierung der Website f\u00fcr Benutzer, um ein optimales Benutzererlebnis zu bieten und die bereitgestellten Dienste zu genie\u00dfen<\/span><\/p>\n<p><span>\u2013 Es ist m\u00f6glich, Statistiken an Dritte weiterzugeben, jedoch so, dass sie das Subjekt personenbezogener Daten nicht identifizieren k\u00f6nnen<\/span><\/p>\n<p><span>\u2013 um die Website und jede Form der Kommunikation verwalten zu k\u00f6nnen<\/span><\/p>\n<p><span>\u2013 in der Lage sein, verbundene Anwendungen zu verwalten<\/span><\/p>\n<p><span>\u2013 Es kann m\u00f6glich sein, Updates oder Benachrichtigungen oder sogar Werbeaktionen nach vorheriger Auswahl von Benutzern zu senden, die die jetzt geltenden Bedingungen der DSGVO erf\u00fcllen m\u00fcssen und die jederzeit frei widerrufen werden k\u00f6nnen.<\/span><\/p>\n<p><span>Durch die Registrierung der Benutzer der Website in den Newslettern erkl\u00e4ren sich die Benutzer mit ihrer ausdr\u00fccklichen Zustimmung damit einverstanden, die Informationen zu erhalten, die wir ihnen sowohl f\u00fcr den Verlauf der aktuellen Nachrichten als auch f\u00fcr etwaige Wettbewerbe und \/ oder Preise zur Verf\u00fcgung stellen ein Ergebnis der Teilnahme an ihnen.<\/span><\/p>\n<p><span>Es gibt einen Fall, in dem Benutzerdaten an unsere Dritten \/ Partner weitergegeben werden, die in unserem Auftrag handeln (die Verarbeitung durchf\u00fchren), und es wurde \u00fcberpr\u00fcft, ob sie die Anforderungen des Schutzes personenbezogener Daten erf\u00fcllen, indem sie eine parallele Datenschutzrichtlinie mit unserer anwenden.<\/span><\/p>\n<p><span>Die\u00a0\u00a0\u00a0<\/span><strong><span>Website<\/span><\/strong><span>\u00a0\u00a0\u00a0wird in keinem Fall und ohne Grund personenbezogene Daten der Benutzer der Website offenlegen oder offenlegen, es sei denn, sie hat die freie und ausdr\u00fcckliche Zustimmung von ihnen dazu oder es ist aufgrund einer entsprechenden Verpflichtung erforderlich, sie einzuhalten.\u00a0von Zeit zu Zeit geltende Rechtsnormen und immer nach den spezifischen Grunds\u00e4tzen, die durch das Gesetz definiert werden.<\/span><\/p>\n<p><strong><span>Die Webseite:<\/span><\/strong><\/p>\n<p><span>\u2013 Bewahrt die Vertraulichkeit der Ihnen bekannten personenbezogenen Daten.<\/span><\/p>\n<p><span>\u2013 Ergreift organisatorische und technische Sicherheitsma\u00dfnahmen der Datenverarbeitung, die ihre logische und physische Sicherheit sch\u00fctzen, wie z. B. sichere Software, physischer Schutz, Aliasing, Verschl\u00fcsselung.<\/span><\/p>\n<p><span>\u2013 Unsere Systeme stellen per Design und per Definition sicher, dass wir unseren Verpflichtungen gem\u00e4\u00df der Datenschutz-Grundverordnung (DSGVO) nachkommen k\u00f6nnen.<\/span><\/p>\n<p><span>\u2013 Sie unverz\u00fcglich \u00fcber jeden Vorfall informieren, bei dem es um die Verletzung Ihrer personenbezogenen Daten geht.<\/span><\/p>\n<p><span>\u2013 H\u00e4lt als Verantwortlicher die gesetzlichen Rahmenbedingungen zum Schutz personenbezogener Daten und insbesondere die Datenschutz-Grundverordnung (DSGVO) ein.<\/span><\/p>\n<p><strong><span>SICHERHEIT PERS\u00d6NLICHER DATEN<\/span><\/strong><\/p>\n<p><span>Die Website ergreift kontinuierlich alle diese angemessenen technischen und organisatorischen Ma\u00dfnahmen (KTOM), um Ihre personenbezogenen Daten und Ihre Privatsph\u00e4re zu sch\u00fctzen.<\/span><\/p>\n<p><span>Der Zugriff auf personenbezogene Daten ist streng auf die Mitarbeiter der\u00a0\u00a0\u00a0<\/span><strong><span>Website<\/span><\/strong><span>\u00a0beschr\u00e4nkt, \u00a0\u00a0und es gelten strenge Regeln f\u00fcr Berufsgeheimnis, Vertraulichkeit und Vertraulichkeit.\u00a0Jeder Prozess der Verarbeitung Ihrer personenbezogenen Daten wird von autorisierten Personen in einer Weise durchgef\u00fchrt, die den gesetzlich vorgeschriebenen Regeln und Verfahren vollst\u00e4ndig entspricht, die Sicherheit Ihrer personenbezogenen Daten und den Schutz vor unbefugtem Zugriff und Verwendung, F\u00e4lschung, Verlust \/ Diebstahl oder Zerst\u00f6rung.<\/span><\/p>\n<p><span>Diese Datenschutz- und Datenschutzrichtlinie gilt nicht f\u00fcr den Fall, dass Sie \u00fcber diese Website auf eine andere Website verlinken, um eine Verarbeitung durchzuf\u00fchren, die m\u00f6glicherweise von der anderen Website durchgef\u00fchrt wird, f\u00fcr die wir nicht verantwortlich sind.\u00a0Aus diesem Grund bitten wir Sie dringend, die Datenschutz- und Datenschutzrichtlinie jeder Website, die Sie besuchen, zu lesen.<\/span><\/p>\n<p><strong><span>DAUER DER PERS\u00d6NLICHEN DATEN<\/span><\/strong><\/p>\n<p><span>Die personenbezogenen Daten der Nutzer werden so lange aufbewahrt, wie der gesetzliche Zweck der Verarbeitung, f\u00fcr den sie urspr\u00fcnglich erhoben wurden, mit der freiwilligen Zustimmung der Nutzer entspricht.<\/span><\/p>\n<p><strong><span>NUTZERRECHTE<\/span><\/strong><\/p>\n<p><span>Die Website als Verantwortlicher f\u00fcr die Verarbeitung Ihrer personenbezogenen Daten gibt Ihnen die M\u00f6glichkeit, unter vollst\u00e4ndiger Einhaltung der Bestimmungen der DSGVO, die vorgesehenen Rechte auszu\u00fcben:<\/span><\/p>\n<p><span>\u2013 Auskunftsrecht: Ergreifen Sie sowohl w\u00e4hrend der Erhebungsphase als auch in jeder sp\u00e4teren Phase der Verarbeitung Ihrer personenbezogenen Daten alle erforderlichen Schritte, damit Sie Ihre gesetzlichen Rechte, wie in dieser Aktualisierung beschrieben, uneingeschr\u00e4nkt aus\u00fcben k\u00f6nnen.<\/span><\/p>\n<p><span>\u2013 das Recht auf Zugang zu Ihren personenbezogenen Daten: Sie haben das Recht, von uns dar\u00fcber informiert zu werden, wie und ob wir Ihre Daten verarbeiten.\u00a0Wenn wir Ihre Daten verarbeiten, k\u00f6nnen Sie Auskunft \u00fcber den Zweck der Verarbeitung, die Art Ihrer Daten, die wir speichern, an wen wir sie weitergeben, wie lange wir sie speichern, wenn automatisierte Entscheidungen getroffen werden, aber auch \u00fcber Ihre anderen Rechte verlangen, wie Berichtigung, L\u00f6schung von Daten, Einschr\u00e4nkung der Verarbeitung und Einreichung einer Beschwerde bei der Datenschutzbeh\u00f6rde.<\/span><\/p>\n<p><span>\u2013 das Recht, sie zu aktualisieren (Korrektur): Wenn Sie feststellen, dass Ihre Daten einen Fehler enthalten, k\u00f6nnen Sie sich an uns wenden, um ihn zu korrigieren (z. B. Namenskorrektur).<\/span><\/p>\n<p><span>\u2013 das Recht auf Widerspruch (Widerspruch) gegen die Verarbeitung: Sie k\u00f6nnen der Verarbeitung Ihrer Daten widersprechen und wir werden die Verarbeitung unverz\u00fcglich einstellen, sofern keine anderen berechtigten Gr\u00fcnde vorliegen<\/span><\/p>\n<p><span>\u2013 Recht auf Daten\u00fcbertragbarkeit: Sie k\u00f6nnen uns bitten, die von Ihnen bereitgestellten Daten in lesbarer Form zu erhalten oder sie an einen anderen Verantwortlichen zu \u00fcbermitteln<\/span><\/p>\n<p><span>\u2013 Recht auf L\u00f6schung \/ Vergessen: Sie k\u00f6nnen uns bitten, Ihre Daten zu l\u00f6schen, wenn sie f\u00fcr die Verarbeitungszwecke, f\u00fcr die sie urspr\u00fcnglich erhoben wurden, nicht mehr erforderlich sind, oder Sie m\u00f6chten Ihre Einwilligung widerrufen, wenn Sie sie zuvor erteilt haben.<\/span><\/p>\n<p><span>Benutzer k\u00f6nnen alle Rechte, die ihnen gem\u00e4\u00df der DSGVO und dem weiteren rechtlichen Rahmen gew\u00e4hrt werden, aus\u00fcben, indem sie schriftlich auf der Website oder per E-Mail an ihren eingetragenen Sitz oder telefonisch unter +30 24310 39269 oder per E-Mail senden (E-Mail) an die E-Mail-Adresse info@markosfoods.gr.<\/span><\/p>\n<p><span>Innerhalb einer angemessenen Frist von einem (1) Monat nach Erhalt Ihrer Anfrage wird Ihnen die f\u00fcr die\u00a0\u00a0\u00a0<\/span><strong><span>Website<\/span><\/strong><strong>\u00a0<\/strong><span>\u00a0verantwortliche Person \u00a0mit Gr\u00fcnden f\u00fcr die Annahme oder Ablehnung Ihrer Anfrage oder Anfragen antworten, wenn es sich um mehr als eine handelt.<\/span><\/p>\n<p><span>In jedem Fall, dass Sie der Meinung sind, dass Ihre personenbezogenen Daten verletzt werden und Ihre Rechte in irgendeiner Weise in Abweichung von unserer gesetzlichen Verpflichtung verletzt werden oder wenn Sie mit dem Grund f\u00fcr die Antwort, die Sie bez\u00fcglich der Annahme erhalten, nicht zufrieden sind oder Ablehnung des Antrags Sie oder Ihre Antr\u00e4ge k\u00f6nnen Sie bei der Datenschutzbeh\u00f6rde (\u00a0\u00a0<\/span><a href=\"http:\/\/www.dpa.gr\/\" rel=\"noopener noreferrer\"><span>www.dpa.gr<\/span><\/a><span>\u00a0\u00a0) eine Beschwerde einreichen.<\/span><\/p>\n","protected":false},"excerpt":{"rendered":"<p>Indem Sie unten lesen, werden Sie umfassend dar\u00fcber informiert, wie wir Ihre personenbezogenen Daten verarbeiten (Erhebung, Verwaltung, Verwendung, Speicherung, \u00dcbermittlung an Dritte, Schutz).<\/p>\n","protected":false},"author":1,"featured_media":538,"parent":0,"menu_order":0,"comment_status":"closed","ping_status":"closed","template":"","meta":{"inline_featured_image":false,"footnotes":""},"class_list":["post-607","page","type-page","status-publish","has-post-thumbnail","hentry"],"_links":{"self":[{"href":"https:\/\/www.markos-foods.gr\/de\/wp-json\/wp\/v2\/pages\/607","targetHints":{"allow":["GET"]}}],"collection":[{"href":"https:\/\/www.markos-foods.gr\/de\/wp-json\/wp\/v2\/pages"}],"about":[{"href":"https:\/\/www.markos-foods.gr\/de\/wp-json\/wp\/v2\/types\/page"}],"author":[{"embeddable":true,"href":"https:\/\/www.markos-foods.gr\/de\/wp-json\/wp\/v2\/users\/1"}],"replies":[{"embeddable":true,"href":"https:\/\/www.markos-foods.gr\/de\/wp-json\/wp\/v2\/comments?post=607"}],"version-history":[{"count":4,"href":"https:\/\/www.markos-foods.gr\/de\/wp-json\/wp\/v2\/pages\/607\/revisions"}],"predecessor-version":[{"id":834,"href":"https:\/\/www.markos-foods.gr\/de\/wp-json\/wp\/v2\/pages\/607\/revisions\/834"}],"wp:featuredmedia":[{"embeddable":true,"href":"https:\/\/www.markos-foods.gr\/de\/wp-json\/wp\/v2\/media\/538"}],"wp:attachment":[{"href":"https:\/\/www.markos-foods.gr\/de\/wp-json\/wp\/v2\/media?parent=607"}],"curies":[{"name":"wp","href":"https:\/\/api.w.org\/{rel}","templated":true}]}}