{"id":599,"date":"2022-02-28T16:17:16","date_gmt":"2022-02-28T14:17:16","guid":{"rendered":"https:\/\/www.markos-foods.gr\/oroi-chrisis\/"},"modified":"2024-06-28T03:02:33","modified_gmt":"2024-06-28T00:02:33","slug":"nutzungsbedingungen","status":"publish","type":"page","link":"https:\/\/www.markos-foods.gr\/de\/nutzungsbedingungen\/","title":{"rendered":"Nutzungsbedingungen"},"content":{"rendered":"<p>Benutzer unserer Website m\u00fcssen den Inhalt dieser Seiten auf m\u00f6gliche \u00c4nderungen \u00fcberpr\u00fcfen.\u00a0Die fortgesetzte Nutzung der Seiten und \/ oder Dienste der Website auch nach \u00c4nderungen bedeutet die bedingungslose Annahme dieser Bedingungen durch den Besucher \/ Benutzer.<\/p>\n<p>Die Website ist nicht verantwortlich f\u00fcr St\u00f6rungen, die durch technische Probleme verursacht werden, die sich aus der Nutzung dieser Website ergeben k\u00f6nnen.<\/p>\n<p><strong>Benutzen<\/strong><\/p>\n<p>Der Besucher \/ Benutzer der Website akzeptiert und stimmt diesen Nutzungsbedingungen zu, die f\u00fcr alle Inhalte der Website gelten, einschlie\u00dflich der darin enthaltenen Grafiken, Bilder, Fotos und Dateien, und muss daher die Bedingungen sorgf\u00e4ltig lesen.\u00a0sie vor dem Besuch oder der Verwendung, die es machen wird.\u00a0Stimmt er nicht zu, darf er die Dienste und Inhalte der Website nicht nutzen.<\/p>\n<p><strong>Rechte an geistigem Eigentum<\/strong><\/p>\n<p>Mit Ausnahme der ausdr\u00fccklich genannten Ausnahmen (Urheberrechte Dritter, verbundener Unternehmen und Betreiber) sind alle Inhalte der Website, einschlie\u00dflich Bilder, Grafiken, Fotografien, Zeichnungen, Texte, bereitgestellte Dienste und im Allgemeinen alle Dateien der Website, Eigentum von ihnen jeweiligen Besitzer.\u00a0Warenzeichen und Dienstleistungsmarken der Website und sind durch die einschl\u00e4gigen Bestimmungen des griechischen Rechts, des europ\u00e4ischen Rechts und internationaler Konventionen gesch\u00fctzt.\u00a0Daher darf keines davon ganz oder teilweise verkauft, kopiert, modifiziert, reproduziert, neu gepostet oder \u201ehochgeladen\u201c, \u00fcbertragen oder verbreitet werden.<\/p>\n<p>Ausgenommen hiervon ist die individuelle Speicherung einer einzigen Kopie des Inhalts auf einem einfachen Personal Computer (Computer) f\u00fcr den pers\u00f6nlichen und nicht \u00f6ffentlichen und\/oder kommerziellen Gebrauch und ohne L\u00f6schung der Herkunftsangabe von dieser Website, ohne dass hiervon Ziff Art und Weise die relevanten Rechte an geistigem und gewerblichem Eigentum.<\/p>\n<p><strong>Verantwortung des Besuchers \/ Benutzers<\/strong><\/p>\n<p>Der Besucher \/ Benutzer der Seiten und \/ oder Dienste dieser Website \u00fcbernimmt die Verantwortung f\u00fcr alle Sch\u00e4den, die durch Missbrauch oder unsachgem\u00e4\u00dfe Verwendung der Website entstehen.<\/p>\n<p><strong>Haftungsbeschr\u00e4nkung\u00a0<\/strong><\/p>\n<p>Unter keinen Umst\u00e4nden, einschlie\u00dflich Fahrl\u00e4ssigkeit, haftet die Website f\u00fcr Sch\u00e4den jeglicher Art, die dem Besucher \/ Benutzer der Seiten, Dienste, Optionen und Inhalte der Website entstehen, die er aus eigener Initiative und in Kenntnis der vorliegenden Bedingungen nutzt .\u00a0Die Inhalte der Website werden \u201ewie besehen\u201c ohne jegliche ausdr\u00fcckliche oder stillschweigende Gew\u00e4hrleistung bereitgestellt.\u00a0Sie garantiert nicht, dass die Seiten, Dienste, Optionen und Inhalte ununterbrochen und fehlerfrei bereitgestellt und Fehler behoben werden.\u00a0Es garantiert auch nicht, dass es oder eine andere verbundene Website oder die Server (&#8222;Server&#8220;), \u00fcber die sie Benutzern zur Verf\u00fcgung gestellt werden, frei von &#8222;Viren&#8220; oder anderen sch\u00e4dlichen Komponenten sind.<\/p>\n<p>Der Zugang zu den Seiten \/ Diensten dieser Website beinhaltet keine zus\u00e4tzlichen Kosten au\u00dfer den aktuellen Tarifregelungen f\u00fcr den allgemeinen Internetzugang, wie sie von den zust\u00e4ndigen Anbietern (ISPs) formuliert und nur an diese gezahlt werden.<\/p>\n<p><strong>\u201eHyperlinks\u201c (Links) zu anderen Websites<\/strong><\/p>\n<p>Die Website kontrolliert nicht die Verf\u00fcgbarkeit, den Inhalt, die Datenschutzrichtlinie, die Qualit\u00e4t und Vollst\u00e4ndigkeit der Dienste anderer Websites und Seiten, auf die sie m\u00f6glicherweise durch \u201eLinks\u201c, Hyperlinks oder Werbebanner verweist.\u00a0Daher m\u00fcssen Sie bei Problemen, die w\u00e4hrend des Besuchs \/ der Nutzung auftreten, direkt zu den jeweiligen Websites und Seiten gehen, die f\u00fcr die Bereitstellung ihrer Dienste verantwortlich sind.\u00a0Unter keinen Umst\u00e4nden sollten Sie die Inhalte oder Dienste der Websites und Seiten, auf die Sie verweisen oder auf andere Weise verlinken, billigen oder akzeptieren.<\/p>\n<p><strong>Kekse<\/strong><\/p>\n<p>Die Website verwendet Cookies, um den Verkehr auf der Website zu messen.\u00a0Cookies sind kleine Textdateien, die auf der Festplatte jedes Besuchers \/ Benutzers gespeichert werden und keine Kenntnis von einem Dokument oder einer Datei von seinem Computer erhalten.\u00a0Sie werden zu statistischen Zwecken und zur Bestimmung der Bereiche der Website verwendet, die f\u00fcr Benutzer n\u00fctzlich oder beliebt sind, oder zu Marketing-\/Rendering-Zwecken der ver\u00f6ffentlichten Anzeigen.<\/p>\n<p>Au\u00dferdem kann jeder Benutzer seinen Browser so konfigurieren, dass er entweder vor der Verwendung von Cookies in bestimmten Diensten gewarnt wird oder die Annahme der Verwendung von Cookies in keinem Fall zul\u00e4sst.<\/p>\n<p>Weitere Informationen zu Cookies finden Sie in der\u00a0\u00a0\u00a0DATENSCHUTZERKL\u00c4RUNG<\/p>\n<p>Die Website entspricht den Bestimmungen der Allgemeinen Verordnung \u00fcber personenbezogene Daten 2016\/679 sowie dem Gesetz 4070\/2012.<\/p>\n<p>Die oben genannten Nutzungsbedingungen der Website sowie alle Modifikationen, \u00c4nderungen oder \u00c4nderungen unterliegen dem griechischen Recht, dem Recht der Europ\u00e4ischen Union und den einschl\u00e4gigen internationalen Vertr\u00e4gen und werden durch diese erg\u00e4nzt.\u00a0Jede Bestimmung der oben genannten Bedingungen wird rechtswidrig, verliert automatisch ihre G\u00fcltigkeit und wird von hier entfernt, ohne die G\u00fcltigkeit der anderen Bedingungen in irgendeiner Weise zu ber\u00fchren.<\/p>\n<p><strong>Anwendbares Recht und andere Bedingungen<\/strong><\/p>\n<p>Es wird ausdr\u00fccklich vereinbart, dass die Gerichte f\u00fcr die Beilegung von Streitigkeiten, die sich aus diesen Bedingungen ergeben, zust\u00e4ndig sind.<\/p>\n<p>Dies stellt die gesamte Vereinbarung zwischen der Website\u00a0\u00a0und dem Besucher \/ Benutzer dar und bindet nur sie.\u00a0Eine \u00c4nderung dieser Bedingungen wird nicht ber\u00fccksichtigt und wird nicht Bestandteil dieser Vereinbarung, es sei denn, sie wurde schriftlich formuliert und in sie aufgenommen.<strong>\u00a0<\/strong><\/p>\n<p>Bei Fragen zu Ihrer Verantwortung f\u00fcr die Reproduktion des Inhalts des Knotens oder den Import von Inhalten in diesen sowie f\u00fcr Antr\u00e4ge auf Genehmigung der Reproduktion von Material oder Urheberrechtsfragen k\u00f6nnen Sie sich an info@markosfoods.gr wenden.<\/p>\n<p>Wenn Sie Probleme im Inhalt des Knotens im Zusammenhang mit rechtlichen oder ethischen Fragen festgestellt haben, benachrichtigen Sie uns bitte unter info@markosfoods.gr, um mit der sofortigen Behandlung fortzufahren.<\/p>\n","protected":false},"excerpt":{"rendered":"<p>Diese Website <strong>https:\/\/www.markos-foods.gr<\/strong> (im Folgenden die \u201eWebsite\u201c) bietet ihre Dienste unter den folgenden Nutzungsbedingungen an, die Sie von Zeit zu Zeit ohne Vorank\u00fcndigung aktualisieren und \u00e4ndern k\u00f6nnen. Sie sollten die Nutzungsbedingungen regelm\u00e4\u00dfig auf \u00c4nderungen \u00fcberpr\u00fcfen.<\/p>\n","protected":false},"author":1,"featured_media":538,"parent":0,"menu_order":0,"comment_status":"closed","ping_status":"closed","template":"","meta":{"inline_featured_image":false,"footnotes":""},"class_list":["post-599","page","type-page","status-publish","has-post-thumbnail","hentry"],"_links":{"self":[{"href":"https:\/\/www.markos-foods.gr\/de\/wp-json\/wp\/v2\/pages\/599","targetHints":{"allow":["GET"]}}],"collection":[{"href":"https:\/\/www.markos-foods.gr\/de\/wp-json\/wp\/v2\/pages"}],"about":[{"href":"https:\/\/www.markos-foods.gr\/de\/wp-json\/wp\/v2\/types\/page"}],"author":[{"embeddable":true,"href":"https:\/\/www.markos-foods.gr\/de\/wp-json\/wp\/v2\/users\/1"}],"replies":[{"embeddable":true,"href":"https:\/\/www.markos-foods.gr\/de\/wp-json\/wp\/v2\/comments?post=599"}],"version-history":[{"count":8,"href":"https:\/\/www.markos-foods.gr\/de\/wp-json\/wp\/v2\/pages\/599\/revisions"}],"predecessor-version":[{"id":1050,"href":"https:\/\/www.markos-foods.gr\/de\/wp-json\/wp\/v2\/pages\/599\/revisions\/1050"}],"wp:featuredmedia":[{"embeddable":true,"href":"https:\/\/www.markos-foods.gr\/de\/wp-json\/wp\/v2\/media\/538"}],"wp:attachment":[{"href":"https:\/\/www.markos-foods.gr\/de\/wp-json\/wp\/v2\/media?parent=599"}],"curies":[{"name":"wp","href":"https:\/\/api.w.org\/{rel}","templated":true}]}}