{"id":591,"date":"2022-02-03T12:56:06","date_gmt":"2022-02-03T10:56:06","guid":{"rendered":"https:\/\/www.markos-foods.gr\/i-etaireia\/"},"modified":"2022-04-28T12:29:45","modified_gmt":"2022-04-28T09:29:45","slug":"das-unternehmen","status":"publish","type":"page","link":"https:\/\/www.markos-foods.gr\/de\/das-unternehmen\/","title":{"rendered":"DAS UNTERNEHMEN"},"content":{"rendered":"<p><span class=\"family-business\"><strong>MARKOS FLEISCHERZEUGNISSE,<\/strong><br>\nein Familienunternehmen \u2014<\/span><\/p>\n<p>Das Unternehmen Markos Fleischerzeugnisse ist ein Familienunternehmen in Trikala, welches seine T\u00e4tigkeit im Jahre 1990 zun\u00e4chst mit dem Vertrieb von Food-Service-Produkten begann. Der Betrieb arbeitete mit den besten Unternehmen der Branche zusammen. Seit dem Jahre 1995 bis zum heutigen Zeitpunkt besch\u00e4ftigt sich der Betrieb mit der Herstellung von Fleischprodukten und hebt sich durch h\u00f6chste Qualit\u00e4t hervor.<\/p>\n<p>Das Unternehmen &#8222;MARKOS FLEISCHPRODUKTE&#8220; ist ein Familienunternehmen, welches seine T\u00e4tigkeit im Jahre 1990 mit eigenen K\u00fchlanlagen zum Vertrieb von Gastronomieprodukten in ganz Thessalien begann.<\/p>\n<p>Im Jahre 1995 haben wir eine kleine Produktionseinheit gegr\u00fcndet, um die Landwurst von Trikala mit Lauch herzustellen.<\/p>\n<p>Im Jahre 2006 zog das Unternehmen in gr\u00f6\u00dfere Anlagen um und begann gleichzeitig mit der Herstellung einer gr\u00f6\u00dferen Auswahl an sehr hochwertigen Schweine- und H\u00e4hnchenprodukten.<\/p>\n<p>Im Jahre 2017 und nach den st\u00e4ndig ansteigenden Anforderungen auf dem Markte hat das Unternehmen seine Anlagen erweitert und modernisiert.<\/p>\n<p>Heutzutage werden in den hochmodernen Anlagen des Unternehmens \u201eMARKOS FLEISCHERZEUGNISSE\u201c jede Woche 10 Tonnen Fleisch f\u00fcr ganz Griechenland verarbeitet, unter Einhaltung etlicher Sicherheitssysteme (<a href=\"https:\/\/www.markos-foods.gr\/de\/zertifizierung\/\">ISO22000: 2005 HACCP<\/a>) sowie unter Anwendung der strengen Kriterien f\u00fcr einer komplett kontrollierte Produktion, auf die wir vom ersten Augenblick an bei der Fleischverarbeitung Wert gelegt haben. Somit sind wir in der Lage, dem Verbraucher ein Produkt von sehr hoher Qualit\u00e4t und einzigartiger Stabilit\u00e4t anbieten zu k\u00f6nnen.<\/p>\n\n\t\t<style type=\"text\/css\">\n\t\t\t#gallery-1 {\n\t\t\t\tmargin: auto;\n\t\t\t}\n\t\t\t#gallery-1 .gallery-item {\n\t\t\t\tfloat: left;\n\t\t\t\tmargin-top: 10px;\n\t\t\t\ttext-align: center;\n\t\t\t\twidth: 50%;\n\t\t\t}\n\t\t\t#gallery-1 img {\n\t\t\t\tborder: 2px solid #cfcfcf;\n\t\t\t}\n\t\t\t#gallery-1 .gallery-caption {\n\t\t\t\tmargin-left: 0;\n\t\t\t}\n\t\t\t\/* see gallery_shortcode() in wp-includes\/media.php *\/\n\t\t<\/style>\n\t\t<div id=\"gallery-1\" class=\"gallery galleryid-591 gallery-columns-2 gallery-size-medium\"><dl class=\"gallery-item\">\n\t\t\t<dt class=\"gallery-icon landscape\">\n\t\t\t\t<a href=\"https:\/\/www.markos-foods.gr\/wp-content\/uploads\/2022\/03\/A7B1623-scaled.jpg\"><noscript><img decoding=\"async\" width=\"600\" height=\"400\" src=\"https:\/\/www.markos-foods.gr\/wp-content\/uploads\/2022\/03\/A7B1623-600x400.jpg\" class=\"attachment-medium size-medium\" alt srcset=\"https:\/\/www.markos-foods.gr\/wp-content\/uploads\/2022\/03\/A7B1623-600x400.jpg 600w, https:\/\/www.markos-foods.gr\/wp-content\/uploads\/2022\/03\/A7B1623-1600x1067.jpg 1600w, https:\/\/www.markos-foods.gr\/wp-content\/uploads\/2022\/03\/A7B1623-768x512.jpg 768w, https:\/\/www.markos-foods.gr\/wp-content\/uploads\/2022\/03\/A7B1623-1536x1024.jpg 1536w, https:\/\/www.markos-foods.gr\/wp-content\/uploads\/2022\/03\/A7B1623-2048x1365.jpg 2048w\" sizes=\"(max-width: 600px) 100vw, 600px\"><\/noscript><img decoding=\"async\" width=\"600\" height=\"400\" src=\"data:image\/svg+xml,%3Csvg%20xmlns%3D%22http%3A%2F%2Fwww.w3.org%2F2000%2Fsvg%22%20viewBox%3D%220%200%20600%20400%22%3E%3C%2Fsvg%3E\" class=\"attachment-medium size-medium lazyload\" alt srcset=\"data:image\/svg+xml,%3Csvg%20xmlns%3D%22http%3A%2F%2Fwww.w3.org%2F2000%2Fsvg%22%20viewBox%3D%220%200%20600%20400%22%3E%3C%2Fsvg%3E 600w\" sizes=\"(max-width: 600px) 100vw, 600px\" data-srcset=\"https:\/\/www.markos-foods.gr\/wp-content\/uploads\/2022\/03\/A7B1623-600x400.jpg 600w, https:\/\/www.markos-foods.gr\/wp-content\/uploads\/2022\/03\/A7B1623-1600x1067.jpg 1600w, https:\/\/www.markos-foods.gr\/wp-content\/uploads\/2022\/03\/A7B1623-768x512.jpg 768w, https:\/\/www.markos-foods.gr\/wp-content\/uploads\/2022\/03\/A7B1623-1536x1024.jpg 1536w, https:\/\/www.markos-foods.gr\/wp-content\/uploads\/2022\/03\/A7B1623-2048x1365.jpg 2048w\" data-src=\"https:\/\/www.markos-foods.gr\/wp-content\/uploads\/2022\/03\/A7B1623-600x400.jpg\"><\/a>\n\t\t\t<\/dt><\/dl><dl class=\"gallery-item\">\n\t\t\t<dt class=\"gallery-icon landscape\">\n\t\t\t\t<a href=\"https:\/\/www.markos-foods.gr\/wp-content\/uploads\/2022\/03\/A7B1604-scaled.jpg\"><noscript><img decoding=\"async\" width=\"600\" height=\"400\" src=\"https:\/\/www.markos-foods.gr\/wp-content\/uploads\/2022\/03\/A7B1604-600x400.jpg\" class=\"attachment-medium size-medium\" alt><\/noscript><img decoding=\"async\" width=\"600\" height=\"400\" src=\"data:image\/svg+xml,%3Csvg%20xmlns%3D%22http%3A%2F%2Fwww.w3.org%2F2000%2Fsvg%22%20viewBox%3D%220%200%20600%20400%22%3E%3C%2Fsvg%3E\" class=\"attachment-medium size-medium lazyload\" alt data-src=\"https:\/\/www.markos-foods.gr\/wp-content\/uploads\/2022\/03\/A7B1604-600x400.jpg\"><\/a>\n\t\t\t<\/dt><\/dl><br style=\"clear: both\"><dl class=\"gallery-item\">\n\t\t\t<dt class=\"gallery-icon landscape\">\n\t\t\t\t<a href=\"https:\/\/www.markos-foods.gr\/wp-content\/uploads\/2022\/03\/A7A4762-scaled.jpg\"><noscript><img decoding=\"async\" width=\"600\" height=\"400\" src=\"https:\/\/www.markos-foods.gr\/wp-content\/uploads\/2022\/03\/A7A4762-600x400.jpg\" class=\"attachment-medium size-medium\" alt srcset=\"https:\/\/www.markos-foods.gr\/wp-content\/uploads\/2022\/03\/A7A4762-600x400.jpg 600w, https:\/\/www.markos-foods.gr\/wp-content\/uploads\/2022\/03\/A7A4762-1600x1067.jpg 1600w, https:\/\/www.markos-foods.gr\/wp-content\/uploads\/2022\/03\/A7A4762-768x512.jpg 768w, https:\/\/www.markos-foods.gr\/wp-content\/uploads\/2022\/03\/A7A4762-1536x1024.jpg 1536w, https:\/\/www.markos-foods.gr\/wp-content\/uploads\/2022\/03\/A7A4762-2048x1365.jpg 2048w\" sizes=\"(max-width: 600px) 100vw, 600px\"><\/noscript><img decoding=\"async\" width=\"600\" height=\"400\" src=\"data:image\/svg+xml,%3Csvg%20xmlns%3D%22http%3A%2F%2Fwww.w3.org%2F2000%2Fsvg%22%20viewBox%3D%220%200%20600%20400%22%3E%3C%2Fsvg%3E\" class=\"attachment-medium size-medium lazyload\" alt srcset=\"data:image\/svg+xml,%3Csvg%20xmlns%3D%22http%3A%2F%2Fwww.w3.org%2F2000%2Fsvg%22%20viewBox%3D%220%200%20600%20400%22%3E%3C%2Fsvg%3E 600w\" sizes=\"(max-width: 600px) 100vw, 600px\" data-srcset=\"https:\/\/www.markos-foods.gr\/wp-content\/uploads\/2022\/03\/A7A4762-600x400.jpg 600w, https:\/\/www.markos-foods.gr\/wp-content\/uploads\/2022\/03\/A7A4762-1600x1067.jpg 1600w, https:\/\/www.markos-foods.gr\/wp-content\/uploads\/2022\/03\/A7A4762-768x512.jpg 768w, https:\/\/www.markos-foods.gr\/wp-content\/uploads\/2022\/03\/A7A4762-1536x1024.jpg 1536w, https:\/\/www.markos-foods.gr\/wp-content\/uploads\/2022\/03\/A7A4762-2048x1365.jpg 2048w\" data-src=\"https:\/\/www.markos-foods.gr\/wp-content\/uploads\/2022\/03\/A7A4762-600x400.jpg\"><\/a>\n\t\t\t<\/dt><\/dl><dl class=\"gallery-item\">\n\t\t\t<dt class=\"gallery-icon portrait\">\n\t\t\t\t<a href=\"https:\/\/www.markos-foods.gr\/wp-content\/uploads\/2022\/03\/A7A4670-scaled.jpg\"><noscript><img decoding=\"async\" width=\"600\" height=\"400\" src=\"https:\/\/www.markos-foods.gr\/wp-content\/uploads\/2022\/03\/A7A4670-600x400.jpg\" class=\"attachment-medium size-medium\" alt><\/noscript><img decoding=\"async\" width=\"600\" height=\"400\" src=\"data:image\/svg+xml,%3Csvg%20xmlns%3D%22http%3A%2F%2Fwww.w3.org%2F2000%2Fsvg%22%20viewBox%3D%220%200%20600%20400%22%3E%3C%2Fsvg%3E\" class=\"attachment-medium size-medium lazyload\" alt data-src=\"https:\/\/www.markos-foods.gr\/wp-content\/uploads\/2022\/03\/A7A4670-600x400.jpg\"><\/a>\n\t\t\t<\/dt><\/dl><br style=\"clear: both\"><dl class=\"gallery-item\">\n\t\t\t<dt class=\"gallery-icon landscape\">\n\t\t\t\t<a href=\"https:\/\/www.markos-foods.gr\/wp-content\/uploads\/2022\/03\/A7A4465-scaled.jpg\"><noscript><img decoding=\"async\" width=\"600\" height=\"400\" src=\"https:\/\/www.markos-foods.gr\/wp-content\/uploads\/2022\/03\/A7A4465-600x400.jpg\" class=\"attachment-medium size-medium\" alt srcset=\"https:\/\/www.markos-foods.gr\/wp-content\/uploads\/2022\/03\/A7A4465-600x400.jpg 600w, https:\/\/www.markos-foods.gr\/wp-content\/uploads\/2022\/03\/A7A4465-1600x1067.jpg 1600w, https:\/\/www.markos-foods.gr\/wp-content\/uploads\/2022\/03\/A7A4465-768x512.jpg 768w, https:\/\/www.markos-foods.gr\/wp-content\/uploads\/2022\/03\/A7A4465-1536x1024.jpg 1536w, https:\/\/www.markos-foods.gr\/wp-content\/uploads\/2022\/03\/A7A4465-2048x1365.jpg 2048w\" sizes=\"(max-width: 600px) 100vw, 600px\"><\/noscript><img decoding=\"async\" width=\"600\" height=\"400\" src=\"data:image\/svg+xml,%3Csvg%20xmlns%3D%22http%3A%2F%2Fwww.w3.org%2F2000%2Fsvg%22%20viewBox%3D%220%200%20600%20400%22%3E%3C%2Fsvg%3E\" class=\"attachment-medium size-medium lazyload\" alt srcset=\"data:image\/svg+xml,%3Csvg%20xmlns%3D%22http%3A%2F%2Fwww.w3.org%2F2000%2Fsvg%22%20viewBox%3D%220%200%20600%20400%22%3E%3C%2Fsvg%3E 600w\" sizes=\"(max-width: 600px) 100vw, 600px\" data-srcset=\"https:\/\/www.markos-foods.gr\/wp-content\/uploads\/2022\/03\/A7A4465-600x400.jpg 600w, https:\/\/www.markos-foods.gr\/wp-content\/uploads\/2022\/03\/A7A4465-1600x1067.jpg 1600w, https:\/\/www.markos-foods.gr\/wp-content\/uploads\/2022\/03\/A7A4465-768x512.jpg 768w, https:\/\/www.markos-foods.gr\/wp-content\/uploads\/2022\/03\/A7A4465-1536x1024.jpg 1536w, https:\/\/www.markos-foods.gr\/wp-content\/uploads\/2022\/03\/A7A4465-2048x1365.jpg 2048w\" data-src=\"https:\/\/www.markos-foods.gr\/wp-content\/uploads\/2022\/03\/A7A4465-600x400.jpg\"><\/a>\n\t\t\t<\/dt><\/dl><dl class=\"gallery-item\">\n\t\t\t<dt class=\"gallery-icon landscape\">\n\t\t\t\t<a href=\"https:\/\/www.markos-foods.gr\/wp-content\/uploads\/2022\/03\/A7B1514-scaled.jpg\"><noscript><img decoding=\"async\" width=\"600\" height=\"400\" src=\"https:\/\/www.markos-foods.gr\/wp-content\/uploads\/2022\/03\/A7B1514-600x400.jpg\" class=\"attachment-medium size-medium\" alt srcset=\"https:\/\/www.markos-foods.gr\/wp-content\/uploads\/2022\/03\/A7B1514-600x400.jpg 600w, https:\/\/www.markos-foods.gr\/wp-content\/uploads\/2022\/03\/A7B1514-1600x1067.jpg 1600w, https:\/\/www.markos-foods.gr\/wp-content\/uploads\/2022\/03\/A7B1514-768x512.jpg 768w, https:\/\/www.markos-foods.gr\/wp-content\/uploads\/2022\/03\/A7B1514-1536x1024.jpg 1536w, https:\/\/www.markos-foods.gr\/wp-content\/uploads\/2022\/03\/A7B1514-2048x1365.jpg 2048w\" sizes=\"(max-width: 600px) 100vw, 600px\"><\/noscript><img decoding=\"async\" width=\"600\" height=\"400\" src=\"data:image\/svg+xml,%3Csvg%20xmlns%3D%22http%3A%2F%2Fwww.w3.org%2F2000%2Fsvg%22%20viewBox%3D%220%200%20600%20400%22%3E%3C%2Fsvg%3E\" class=\"attachment-medium size-medium lazyload\" alt srcset=\"data:image\/svg+xml,%3Csvg%20xmlns%3D%22http%3A%2F%2Fwww.w3.org%2F2000%2Fsvg%22%20viewBox%3D%220%200%20600%20400%22%3E%3C%2Fsvg%3E 600w\" sizes=\"(max-width: 600px) 100vw, 600px\" data-srcset=\"https:\/\/www.markos-foods.gr\/wp-content\/uploads\/2022\/03\/A7B1514-600x400.jpg 600w, https:\/\/www.markos-foods.gr\/wp-content\/uploads\/2022\/03\/A7B1514-1600x1067.jpg 1600w, https:\/\/www.markos-foods.gr\/wp-content\/uploads\/2022\/03\/A7B1514-768x512.jpg 768w, https:\/\/www.markos-foods.gr\/wp-content\/uploads\/2022\/03\/A7B1514-1536x1024.jpg 1536w, https:\/\/www.markos-foods.gr\/wp-content\/uploads\/2022\/03\/A7B1514-2048x1365.jpg 2048w\" data-src=\"https:\/\/www.markos-foods.gr\/wp-content\/uploads\/2022\/03\/A7B1514-600x400.jpg\"><\/a>\n\t\t\t<\/dt><\/dl><br style=\"clear: both\">\n\t\t<\/div>\n\n","protected":false},"excerpt":{"rendered":"<p>Das Unternehmen Markos Fleischerzeugnisse ist ein Familienunternehmen in Trikala, welches seine T\u00e4tigkeit im Jahre 1990 zun\u00e4chst mit dem Vertrieb von Food-Service-Produkten begann. Der Betrieb arbeitete mit den besten Unternehmen der Branche zusammen. Seit dem Jahre 1995 bis zum heutigen Zeitpunkt besch\u00e4ftigt sich der Betrieb mit der Herstellung von Fleischprodukten und hebt sich durch h\u00f6chste Qualit\u00e4t hervor.<\/p>\n","protected":false},"author":1,"featured_media":560,"parent":0,"menu_order":0,"comment_status":"closed","ping_status":"closed","template":"page-about.php","meta":{"inline_featured_image":false,"footnotes":""},"class_list":["post-591","page","type-page","status-publish","has-post-thumbnail","hentry"],"_links":{"self":[{"href":"https:\/\/www.markos-foods.gr\/de\/wp-json\/wp\/v2\/pages\/591","targetHints":{"allow":["GET"]}}],"collection":[{"href":"https:\/\/www.markos-foods.gr\/de\/wp-json\/wp\/v2\/pages"}],"about":[{"href":"https:\/\/www.markos-foods.gr\/de\/wp-json\/wp\/v2\/types\/page"}],"author":[{"embeddable":true,"href":"https:\/\/www.markos-foods.gr\/de\/wp-json\/wp\/v2\/users\/1"}],"replies":[{"embeddable":true,"href":"https:\/\/www.markos-foods.gr\/de\/wp-json\/wp\/v2\/comments?post=591"}],"version-history":[{"count":6,"href":"https:\/\/www.markos-foods.gr\/de\/wp-json\/wp\/v2\/pages\/591\/revisions"}],"predecessor-version":[{"id":817,"href":"https:\/\/www.markos-foods.gr\/de\/wp-json\/wp\/v2\/pages\/591\/revisions\/817"}],"wp:featuredmedia":[{"embeddable":true,"href":"https:\/\/www.markos-foods.gr\/de\/wp-json\/wp\/v2\/media\/560"}],"wp:attachment":[{"href":"https:\/\/www.markos-foods.gr\/de\/wp-json\/wp\/v2\/media?parent=591"}],"curies":[{"name":"wp","href":"https:\/\/api.w.org\/{rel}","templated":true}]}}