{"id":583,"date":"2022-02-03T11:21:52","date_gmt":"2022-02-03T09:21:52","guid":{"rendered":"https:\/\/www.markos-foods.gr\/markos-foods\/"},"modified":"2022-04-28T12:42:59","modified_gmt":"2022-04-28T09:42:59","slug":"markos-foods","status":"publish","type":"page","link":"https:\/\/www.markos-foods.gr\/de\/","title":{"rendered":"MARKOS FLEISCHERZEUGNISSE"},"content":{"rendered":"<p>Das Unternehmen Markos Fleischerzeugnisse ist ein Familienunternehmen in Trikala, welches seine T\u00e4tigkeit im Jahre 1990 zun\u00e4chst mit dem Vertrieb von Food-Service-Produkten begann. Der Betrieb arbeitete mit den besten Unternehmen der Branche zusammen. Seit dem Jahre 1995 bis zum heutigen Zeitpunkt besch\u00e4ftigt sich der Betrieb mit der Herstellung von Fleischprodukten und hebt sich durch h\u00f6chste Qualit\u00e4t hervor.<\/p>\n","protected":false},"excerpt":{"rendered":"<p>Das Unternehmen Markos Fleischerzeugnisse ist ein Familienunternehmen in Trikala, welches seine T\u00e4tigkeit im Jahre 1990 zun\u00e4chst mit dem Vertrieb von Food-Service-Produkten begann. Der Betrieb arbeitete mit den besten Unternehmen der Branche zusammen. Seit dem Jahre 1995 bis zum heutigen Zeitpunkt besch\u00e4ftigt sich der Betrieb mit der Herstellung von Fleischprodukten und hebt sich durch h\u00f6chste Qualit\u00e4t [&hellip;]<\/p>\n","protected":false},"author":1,"featured_media":562,"parent":0,"menu_order":0,"comment_status":"closed","ping_status":"closed","template":"page-home.php","meta":{"inline_featured_image":false,"footnotes":""},"class_list":["post-583","page","type-page","status-publish","has-post-thumbnail","hentry"],"_links":{"self":[{"href":"https:\/\/www.markos-foods.gr\/de\/wp-json\/wp\/v2\/pages\/583","targetHints":{"allow":["GET"]}}],"collection":[{"href":"https:\/\/www.markos-foods.gr\/de\/wp-json\/wp\/v2\/pages"}],"about":[{"href":"https:\/\/www.markos-foods.gr\/de\/wp-json\/wp\/v2\/types\/page"}],"author":[{"embeddable":true,"href":"https:\/\/www.markos-foods.gr\/de\/wp-json\/wp\/v2\/users\/1"}],"replies":[{"embeddable":true,"href":"https:\/\/www.markos-foods.gr\/de\/wp-json\/wp\/v2\/comments?post=583"}],"version-history":[{"count":3,"href":"https:\/\/www.markos-foods.gr\/de\/wp-json\/wp\/v2\/pages\/583\/revisions"}],"predecessor-version":[{"id":821,"href":"https:\/\/www.markos-foods.gr\/de\/wp-json\/wp\/v2\/pages\/583\/revisions\/821"}],"wp:featuredmedia":[{"embeddable":true,"href":"https:\/\/www.markos-foods.gr\/de\/wp-json\/wp\/v2\/media\/562"}],"wp:attachment":[{"href":"https:\/\/www.markos-foods.gr\/de\/wp-json\/wp\/v2\/media?parent=583"}],"curies":[{"name":"wp","href":"https:\/\/api.w.org\/{rel}","templated":true}]}}